{"id":1267,"date":"2023-03-09T16:25:05","date_gmt":"2023-03-09T16:25:05","guid":{"rendered":"https:\/\/cmgd.ekatl-it.com.mx\/?page_id=1267"},"modified":"2023-03-09T16:42:11","modified_gmt":"2023-03-09T16:42:11","slug":"privacy-policy","status":"publish","type":"page","link":"https:\/\/cmgdlaw.com\/_es\/privacy-policy\/","title":{"rendered":"Pol\u00edtica de Privacidad"},"content":{"rendered":"<div data-elementor-type=\"wp-page\" data-elementor-id=\"1267\" class=\"elementor elementor-1267\">\n\t\t\t\t\t\t<section class=\"elementor-section elementor-top-section elementor-element elementor-element-bd31ff1 elementor-section-content-middle elementor-section-full_width elementor-section-height-default elementor-section-height-default elementor-invisible\" data-id=\"bd31ff1\" data-element_type=\"section\" data-e-type=\"section\" data-settings=\"{&quot;background_background&quot;:&quot;classic&quot;,&quot;animation&quot;:&quot;fadeIn&quot;}\">\n\t\t\t\t\t\t\t<div class=\"elementor-background-overlay\"><\/div>\n\t\t\t\t\t\t\t<div class=\"elementor-container elementor-column-gap-default\">\n\t\t\t\t\t<div class=\"elementor-column elementor-col-100 elementor-top-column elementor-element elementor-element-55d60b3\" data-id=\"55d60b3\" data-element_type=\"column\" data-e-type=\"column\" data-settings=\"{&quot;animation&quot;:&quot;none&quot;,&quot;animation_delay&quot;:500}\">\n\t\t\t<div class=\"elementor-widget-wrap elementor-element-populated\">\n\t\t\t\t\t\t<div class=\"elementor-element elementor-element-c9eb544 animated-slow elementor-invisible elementor-widget elementor-widget-image\" data-id=\"c9eb544\" data-element_type=\"widget\" data-e-type=\"widget\" data-settings=\"{&quot;_animation&quot;:&quot;zoomIn&quot;,&quot;_animation_delay&quot;:0}\" data-widget_type=\"image.default\">\n\t\t\t\t<div class=\"elementor-widget-container\">\n\t\t\t\t\t\t\t\t\t\t\t\t\t\t\t\t<a href=\"https:\/\/cmgd.ekatl-it.com.mx\/\">\n\t\t\t\t\t\t\t<img fetchpriority=\"high\" decoding=\"async\" width=\"315\" height=\"282\" src=\"https:\/\/cmgdlaw.com\/wp-content\/uploads\/2022\/10\/cmgd_.fw_.png\" class=\"attachment-full size-full wp-image-18\" alt=\"\" srcset=\"https:\/\/cmgdlaw.com\/wp-content\/uploads\/2022\/10\/cmgd_.fw_.png 315w, https:\/\/cmgdlaw.com\/wp-content\/uploads\/2022\/10\/cmgd_.fw_-300x269.png 300w\" sizes=\"(max-width: 315px) 100vw, 315px\" \/>\t\t\t\t\t\t\t\t<\/a>\n\t\t\t\t\t\t\t\t\t\t\t\t\t\t\t<\/div>\n\t\t\t\t<\/div>\n\t\t\t\t<div class=\"elementor-element elementor-element-c6a7e2b animated-slow elementor-invisible elementor-widget elementor-widget-heading\" data-id=\"c6a7e2b\" data-element_type=\"widget\" data-e-type=\"widget\" data-settings=\"{&quot;_animation&quot;:&quot;zoomIn&quot;}\" data-widget_type=\"heading.default\">\n\t\t\t\t<div class=\"elementor-widget-container\">\n\t\t\t\t\t<h2 class=\"elementor-heading-title elementor-size-default\">Cornejo M\u00e9ndez Gonz\u00e1lez y Duarte<\/h2>\t\t\t\t<\/div>\n\t\t\t\t<\/div>\n\t\t\t\t\t<\/div>\n\t\t<\/div>\n\t\t\t\t\t<\/div>\n\t\t<\/section>\n\t\t\t\t<section class=\"elementor-section elementor-top-section elementor-element elementor-element-e463ca5 elementor-section-boxed elementor-section-height-default elementor-section-height-default\" data-id=\"e463ca5\" data-element_type=\"section\" data-e-type=\"section\" data-settings=\"{&quot;background_background&quot;:&quot;classic&quot;}\">\n\t\t\t\t\t\t<div class=\"elementor-container elementor-column-gap-default\">\n\t\t\t\t\t<div class=\"elementor-column elementor-col-50 elementor-top-column elementor-element elementor-element-8820ac5\" data-id=\"8820ac5\" data-element_type=\"column\" data-e-type=\"column\">\n\t\t\t<div class=\"elementor-widget-wrap elementor-element-populated\">\n\t\t\t\t\t\t<div class=\"elementor-element elementor-element-35e2c6b elementor-invisible elementor-widget elementor-widget-heading\" data-id=\"35e2c6b\" data-element_type=\"widget\" data-e-type=\"widget\" data-settings=\"{&quot;_animation&quot;:&quot;fadeInLeft&quot;}\" data-widget_type=\"heading.default\">\n\t\t\t\t<div class=\"elementor-widget-container\">\n\t\t\t\t\t<h2 class=\"elementor-heading-title elementor-size-default\">Pol\u00edtica de Privacidad<\/h2>\t\t\t\t<\/div>\n\t\t\t\t<\/div>\n\t\t\t\t<div class=\"elementor-element elementor-element-069d097 elementor-widget-divider--view-line elementor-widget elementor-widget-divider\" data-id=\"069d097\" data-element_type=\"widget\" data-e-type=\"widget\" data-settings=\"{&quot;_animation&quot;:&quot;none&quot;}\" data-widget_type=\"divider.default\">\n\t\t\t\t<div class=\"elementor-widget-container\">\n\t\t\t\t\t\t\t<div class=\"elementor-divider\">\n\t\t\t<span class=\"elementor-divider-separator\">\n\t\t\t\t\t\t<\/span>\n\t\t<\/div>\n\t\t\t\t\t\t<\/div>\n\t\t\t\t<\/div>\n\t\t\t\t\t<\/div>\n\t\t<\/div>\n\t\t\t\t<div class=\"elementor-column elementor-col-50 elementor-top-column elementor-element elementor-element-0ecb027\" data-id=\"0ecb027\" data-element_type=\"column\" data-e-type=\"column\">\n\t\t\t<div class=\"elementor-widget-wrap elementor-element-populated\">\n\t\t\t\t\t\t<section class=\"elementor-section elementor-inner-section elementor-element elementor-element-aee38f4 elementor-section-boxed elementor-section-height-default elementor-section-height-default elementor-invisible\" data-id=\"aee38f4\" data-element_type=\"section\" data-e-type=\"section\" data-settings=\"{&quot;animation&quot;:&quot;fadeInUp&quot;}\">\n\t\t\t\t\t\t<div class=\"elementor-container elementor-column-gap-no\">\n\t\t\t\t\t<div class=\"elementor-column elementor-col-100 elementor-inner-column elementor-element elementor-element-dee57af\" data-id=\"dee57af\" data-element_type=\"column\" data-e-type=\"column\">\n\t\t\t<div class=\"elementor-widget-wrap elementor-element-populated\">\n\t\t\t\t\t\t<div class=\"elementor-element elementor-element-5611e44 elementor-widget elementor-widget-heading\" data-id=\"5611e44\" data-element_type=\"widget\" data-e-type=\"widget\" data-widget_type=\"heading.default\">\n\t\t\t\t<div class=\"elementor-widget-container\">\n\t\t\t\t\t<h2 class=\"elementor-heading-title elementor-size-default\">In compliance with the Federal Law for Protection of Personal Data in Possession of Private Individuals\/Entities (\u201cLaw\u201d) and its regulations, we inform you that Cornejo, M\u00e9ndez, Gonz\u00e1lez y Duarte, S.C., (\u201cCMGD\u201d), with its registered office at Montes Urales 415, 3-A, Col. Lomas de Chapultepec, C.P. 11000, Mexico City, ensuring the privacy, integrity, confidentiality and the right to informative self-determination, is responsible of the use and protection of personal data provided by you in the terms specified herein.<\/h2>\t\t\t\t<\/div>\n\t\t\t\t<\/div>\n\t\t\t\t<div class=\"elementor-element elementor-element-76be5ff elementor-widget elementor-widget-text-editor\" data-id=\"76be5ff\" data-element_type=\"widget\" data-e-type=\"widget\" data-widget_type=\"text-editor.default\">\n\t\t\t\t<div class=\"elementor-widget-container\">\n\t\t\t\t\t\t\t\t\t<p><strong>Information.\u2013<\/strong> The personal data provided by you to CMGD either through our website, written and\/or by telephone, will be protected, and CMGD will adopt the corresponding security, administrative, technical and physical measures required for that matter. The data that we may obtain by these means are your name, address, telephone number and email (the \u201cPersonal Data\u201d). Depending on the services you request, you may be asked for additional personal information, which we will communicate to you in those cases. By virtue of this document, you hereby express your consent to the processing of the Personal Data provided, in accordance with the terms and conditions of this Privacy Notice made available to you.<\/p><p><strong>Intended use of information.\u2013<\/strong> The information provided as Personal Data will be used for the following purposes: (i) identification and verification, (ii) contact, (iii) provide services you have requested, (iv) notify you of new services, (v) report any changes in the services, (vi) improve the quality of the provided services, (vii) evaluate the quality of our products and\/or services, (viii) news and bulletins and, (ix) billing of our services. All persons who have provided their personal data will have the rights of access, rectification, cancellation or opposition (\u201cARCO\u201d Rights), established in the Law and its regulations. This means that you have the right to access your personal data and the details of the treatment of your information, as well as to rectify it if the information is inaccurate, or instruct us to cancel it if you consider it is excessive or unnecessary for the purposes for which it was provided, or oppose the treatment of your personal data for specific purposes. You also have the right to withdraw your consent granted to CMGD at any time.<\/p><p><strong>Contact.\u2013<\/strong> La solicitud de acceso, rectificaci\u00f3n, cancelaci\u00f3n u oposici\u00f3n, o su revocaci\u00f3n de consentimiento, deber\u00e1 de ser enviada al correo electr\u00f3nico soporte@cmgdlaw.com o a nuestras oficinas ubicadas en Montes Urales 415, oficina 3-A, Col. Lomas de Chapultepec, C.P. 11000, Ciudad de M\u00e9xico.<\/p><p><strong>\u201cARCO\u201d Rights.\u2013<\/strong> The request for access, rectification, cancellation or opposition, or your revocation of consent, must include your full name and address or, if applicable, the legal representative\u2019s data. It must also specify the means for receiving notifications and, in a clear manner, the personal data for which you request access, rectification, cancellation or opposition, establishing the reasons for which you wish to access your personal data or the reasons why your data should be rectified or canceled. With the request, you must present an official ID, and in case of a legal representative, he must present the document that states he is acting on behalf of the Corporation\/individual. In accordance with Article 32 of the Law, the department in charge of your personal data has a period of 20 days counted from the receipt of the request to answer the procedure. This period may be extended for an equal period of time, notifying the reasons for the extension by the means you have indicated for this purpose. When answering the request, and in accordance with the right of access, the department in charge of your personal data will provide the information or personal data you request by means of simple copies or electronic documents.<\/p><p><strong>No Transfer.\u2013<\/strong> CMGD se compromete a no transferir su informaci\u00f3n personal a terceros sin su consentimiento, salvo las excepciones previstas en el art\u00edculo 37 de la Ley.<\/p><p><strong>Use of Cookies \u2013<\/strong> La p\u00e1gina de internet de CMGD no utiliza \u201ccookies\u201d, web beacons u otras tecnolog\u00edas similares para monitorear su comportamiento como usuario de internet o recabar datos personales de ning\u00fan tipo.<\/p><p><strong>Changes of the Privacy Notice.\u2013<\/strong> CMGD se reserva el derecho de cambiar el presente Aviso de Privacidad en cualquier momento. En caso de que se realice alg\u00fan cambio al Aviso de Privacidad, se le comunicar\u00e1 a trav\u00e9s de nuestra p\u00e1gina de Internet. Estos t\u00e9rminos y condiciones se rigen por las leyes de la Ciudad de M\u00e9xico y cualquier controversia ser\u00e1 dirimida ante los tribunales ubicados en la Ciudad de M\u00e9xico.<\/p>\t\t\t\t\t\t\t\t<\/div>\n\t\t\t\t<\/div>\n\t\t\t\t<div class=\"elementor-element elementor-element-0f44725 elementor-widget elementor-widget-text-editor\" data-id=\"0f44725\" data-element_type=\"widget\" data-e-type=\"widget\" data-widget_type=\"text-editor.default\">\n\t\t\t\t<div class=\"elementor-widget-container\">\n\t\t\t\t\t\t\t\t\t<ul><li>Un enfoque pr\u00e1ctico, desde una perspectiva empresarial para la soluci\u00f3n de problemas.<\/li><li>Capacidad para adaptarse a las necesidades de nuestros clientes.<\/li><li>Disponibilidad y capacidad de respuesta.<\/li><li>Abogados biling\u00fces, confiables, comprometidos y altamente capacitados y experimentados.<\/li><li>Manejo eficiente de las necesidades legales y empresariales de nuestros clientes, inclusive a nivel mundial a trav\u00e9s de la alianza estrat\u00e9gica con Ally Law<\/li><\/ul>\t\t\t\t\t\t\t\t<\/div>\n\t\t\t\t<\/div>\n\t\t\t\t\t<\/div>\n\t\t<\/div>\n\t\t\t\t\t<\/div>\n\t\t<\/section>\n\t\t\t\t\t<\/div>\n\t\t<\/div>\n\t\t\t\t\t<\/div>\n\t\t<\/section>\n\t\t\t\t<section class=\"elementor-section elementor-top-section elementor-element elementor-element-8040dfd elementor-section-full_width elementor-section-height-default elementor-section-height-default\" data-id=\"8040dfd\" data-element_type=\"section\" data-e-type=\"section\" data-settings=\"{&quot;background_background&quot;:&quot;classic&quot;}\">\n\t\t\t\t\t\t<div class=\"elementor-container elementor-column-gap-default\">\n\t\t\t\t\t<div class=\"elementor-column elementor-col-14 elementor-top-column elementor-element elementor-element-226fab6\" data-id=\"226fab6\" data-element_type=\"column\" data-e-type=\"column\">\n\t\t\t<div class=\"elementor-widget-wrap\">\n\t\t\t\t\t\t\t<\/div>\n\t\t<\/div>\n\t\t\t\t<div class=\"elementor-column elementor-col-14 elementor-top-column elementor-element elementor-element-d6aeaae elementor-hidden-tablet elementor-hidden-mobile\" data-id=\"d6aeaae\" data-element_type=\"column\" data-e-type=\"column\">\n\t\t\t<div class=\"elementor-widget-wrap elementor-element-populated\">\n\t\t\t\t\t\t<div class=\"elementor-element elementor-element-e44f682 elementor-widget elementor-widget-text-editor\" data-id=\"e44f682\" data-element_type=\"widget\" data-e-type=\"widget\" data-widget_type=\"text-editor.default\">\n\t\t\t\t<div class=\"elementor-widget-container\">\n\t\t\t\t\t\t\t\t\t<p>Montes Urales<br \/>Lomas de Chapultepec, M\u00e9xico<br \/>+52 55 5540-4450<\/p>\t\t\t\t\t\t\t\t<\/div>\n\t\t\t\t<\/div>\n\t\t\t\t\t<\/div>\n\t\t<\/div>\n\t\t\t\t<div class=\"elementor-column elementor-col-14 elementor-top-column elementor-element elementor-element-12308a4\" data-id=\"12308a4\" data-element_type=\"column\" data-e-type=\"column\">\n\t\t\t<div class=\"elementor-widget-wrap\">\n\t\t\t\t\t\t\t<\/div>\n\t\t<\/div>\n\t\t\t\t<div class=\"elementor-column elementor-col-14 elementor-top-column elementor-element elementor-element-9a001cd\" data-id=\"9a001cd\" data-element_type=\"column\" data-e-type=\"column\">\n\t\t\t<div class=\"elementor-widget-wrap elementor-element-populated\">\n\t\t\t\t\t\t<div class=\"elementor-element elementor-element-c15bac9 elementor-widget elementor-widget-image\" data-id=\"c15bac9\" data-element_type=\"widget\" data-e-type=\"widget\" data-widget_type=\"image.default\">\n\t\t\t\t<div class=\"elementor-widget-container\">\n\t\t\t\t\t\t\t\t\t\t\t\t\t\t\t<img decoding=\"async\" width=\"315\" height=\"282\" src=\"https:\/\/cmgdlaw.com\/wp-content\/uploads\/2022\/10\/cmgd_.fw_.png\" class=\"attachment-large size-large wp-image-18\" alt=\"\" srcset=\"https:\/\/cmgdlaw.com\/wp-content\/uploads\/2022\/10\/cmgd_.fw_.png 315w, https:\/\/cmgdlaw.com\/wp-content\/uploads\/2022\/10\/cmgd_.fw_-300x269.png 300w\" sizes=\"(max-width: 315px) 100vw, 315px\" \/>\t\t\t\t\t\t\t\t\t\t\t\t\t\t\t<\/div>\n\t\t\t\t<\/div>\n\t\t\t\t<div class=\"elementor-element elementor-element-54a1661 elementor-widget elementor-widget-text-editor\" data-id=\"54a1661\" data-element_type=\"widget\" data-e-type=\"widget\" data-widget_type=\"text-editor.default\">\n\t\t\t\t<div class=\"elementor-widget-container\">\n\t\t\t\t\t\t\t\t\t<p>Cornejo M\u00e9ndez Gonz\u00e1lez y Duarte<\/p>\t\t\t\t\t\t\t\t<\/div>\n\t\t\t\t<\/div>\n\t\t\t\t<div class=\"elementor-element elementor-element-915f700 elementor-widget elementor-widget-image\" data-id=\"915f700\" data-element_type=\"widget\" data-e-type=\"widget\" data-widget_type=\"image.default\">\n\t\t\t\t<div class=\"elementor-widget-container\">\n\t\t\t\t\t\t\t\t\t\t\t\t\t\t\t<img decoding=\"async\" width=\"220\" height=\"105\" src=\"https:\/\/cmgdlaw.com\/wp-content\/uploads\/2023\/01\/Ally-LAw-light.png\" class=\"attachment-large size-large wp-image-161\" alt=\"\" \/>\t\t\t\t\t\t\t\t\t\t\t\t\t\t\t<\/div>\n\t\t\t\t<\/div>\n\t\t\t\t\t<\/div>\n\t\t<\/div>\n\t\t\t\t<div class=\"elementor-column elementor-col-14 elementor-top-column elementor-element elementor-element-cbd4e21\" data-id=\"cbd4e21\" data-element_type=\"column\" data-e-type=\"column\">\n\t\t\t<div class=\"elementor-widget-wrap\">\n\t\t\t\t\t\t\t<\/div>\n\t\t<\/div>\n\t\t\t\t<div class=\"elementor-column elementor-col-14 elementor-top-column elementor-element elementor-element-d21f5d1 elementor-hidden-tablet elementor-hidden-mobile\" data-id=\"d21f5d1\" data-element_type=\"column\" data-e-type=\"column\">\n\t\t\t<div class=\"elementor-widget-wrap elementor-element-populated\">\n\t\t\t\t\t\t<div class=\"elementor-element elementor-element-f3dfdbd elementor-widget elementor-widget-text-editor\" data-id=\"f3dfdbd\" data-element_type=\"widget\" data-e-type=\"widget\" data-widget_type=\"text-editor.default\">\n\t\t\t\t<div class=\"elementor-widget-container\">\n\t\t\t\t\t\t\t\t\t<p><span style=\"color: #ffffff;\"><a style=\"color: #ffffff; text-decoration: none;\" href=\"https:\/\/cmgd.ekatl-it.com.mx\/#firm\">La Firma<\/a><\/span><br \/><span style=\"color: #ffffff;\"><a style=\"color: #ffffff; text-decoration: none;\" href=\"https:\/\/cmgd.ekatl-it.com.mx\/#services\">Servicios<\/a><\/span><br \/><span style=\"color: #ffffff;\"><a style=\"color: #ffffff; text-decoration: none;\" href=\"https:\/\/cmgd.ekatl-it.com.mx\/#billing\">Pol\u00edtica de Honorarios<\/a><\/span><br \/><a href=\"https:\/\/cmgd.ekatl-it.com.mx\/team\/\"><span style=\"color: #ffffff;\">Equipo<\/span><\/a><br \/><span style=\"color: #ffffff; text-decoration: none;\"><a style=\"color: #ffffff; text-decoration: none;\" href=\"https:\/\/cmgd.ekatl-it.com.mx\/#news\">Newsletter<\/a><\/span><br \/><span style=\"color: #ffffff;\">Pol\u00edtica de Privacidad<\/span><\/p>\t\t\t\t\t\t\t\t<\/div>\n\t\t\t\t<\/div>\n\t\t\t\t\t<\/div>\n\t\t<\/div>\n\t\t\t\t<div class=\"elementor-column elementor-col-14 elementor-top-column elementor-element elementor-element-9a6ae17\" data-id=\"9a6ae17\" data-element_type=\"column\" data-e-type=\"column\">\n\t\t\t<div class=\"elementor-widget-wrap\">\n\t\t\t\t\t\t\t<\/div>\n\t\t<\/div>\n\t\t\t\t\t<\/div>\n\t\t<\/section>\n\t\t\t\t<section class=\"elementor-section elementor-top-section elementor-element elementor-element-9dcb341 elementor-hidden-desktop elementor-section-boxed elementor-section-height-default elementor-section-height-default\" data-id=\"9dcb341\" data-element_type=\"section\" data-e-type=\"section\" data-settings=\"{&quot;background_background&quot;:&quot;classic&quot;}\">\n\t\t\t\t\t\t<div class=\"elementor-container elementor-column-gap-default\">\n\t\t\t\t\t<div class=\"elementor-column elementor-col-100 elementor-top-column elementor-element elementor-element-465191a\" data-id=\"465191a\" data-element_type=\"column\" data-e-type=\"column\">\n\t\t\t<div class=\"elementor-widget-wrap elementor-element-populated\">\n\t\t\t\t\t\t<div class=\"elementor-element elementor-element-f7b4905 elementor-widget elementor-widget-text-editor\" data-id=\"f7b4905\" data-element_type=\"widget\" data-e-type=\"widget\" data-widget_type=\"text-editor.default\">\n\t\t\t\t<div class=\"elementor-widget-container\">\n\t\t\t\t\t\t\t\t\t<p>Montes Urales, Lomas de Chapultepec, M\u00e9xico<br \/>+52 55 5540-4450<\/p>\t\t\t\t\t\t\t\t<\/div>\n\t\t\t\t<\/div>\n\t\t\t\t\t<\/div>\n\t\t<\/div>\n\t\t\t\t\t<\/div>\n\t\t<\/section>\n\t\t\t\t<\/div>","protected":false},"excerpt":{"rendered":"<p>Cornejo M\u00e9ndez Gonz\u00e1lez y Duarte PRIVACY POLICY In compliance with the Federal Law for Protection of Personal Data in Possession of Private Individuals\/Entities (\u201cLaw\u201d) and its regulations, we inform you that Cornejo, M\u00e9ndez, Gonz\u00e1lez y Duarte, S.C., (\u201cCMGD\u201d), with its registered office at Montes Urales 415, 3-A, Col. Lomas de Chapultepec, C.P. 11000, Mexico City, [&hellip;]<\/p>\n","protected":false},"author":1,"featured_media":0,"parent":0,"menu_order":0,"comment_status":"closed","ping_status":"closed","template":"","meta":{"site-sidebar-layout":"no-sidebar","site-content-layout":"page-builder","ast-site-content-layout":"default","site-content-style":"default","site-sidebar-style":"default","ast-global-header-display":"","ast-banner-title-visibility":"","ast-main-header-display":"","ast-hfb-above-header-display":"","ast-hfb-below-header-display":"","ast-hfb-mobile-header-display":"","site-post-title":"disabled","ast-breadcrumbs-content":"","ast-featured-img":"disabled","footer-sml-layout":"","theme-transparent-header-meta":"","adv-header-id-meta":"","stick-header-meta":"","header-above-stick-meta":"","header-main-stick-meta":"","header-below-stick-meta":"","astra-migrate-meta-layouts":"default","ast-page-background-enabled":"default","ast-page-background-meta":{"desktop":{"background-color":"var(--ast-global-color-4)","background-image":"","background-repeat":"repeat","background-position":"center center","background-size":"auto","background-attachment":"scroll","background-type":"","background-media":"","overlay-type":"","overlay-color":"","overlay-opacity":"","overlay-gradient":""},"tablet":{"background-color":"","background-image":"","background-repeat":"repeat","background-position":"center center","background-size":"auto","background-attachment":"scroll","background-type":"","background-media":"","overlay-type":"","overlay-color":"","overlay-opacity":"","overlay-gradient":""},"mobile":{"background-color":"","background-image":"","background-repeat":"repeat","background-position":"center center","background-size":"auto","background-attachment":"scroll","background-type":"","background-media":"","overlay-type":"","overlay-color":"","overlay-opacity":"","overlay-gradient":""}},"ast-content-background-meta":{"desktop":{"background-color":"var(--ast-global-color-5)","background-image":"","background-repeat":"repeat","background-position":"center center","background-size":"auto","background-attachment":"scroll","background-type":"","background-media":"","overlay-type":"","overlay-color":"","overlay-opacity":"","overlay-gradient":""},"tablet":{"background-color":"var(--ast-global-color-5)","background-image":"","background-repeat":"repeat","background-position":"center center","background-size":"auto","background-attachment":"scroll","background-type":"","background-media":"","overlay-type":"","overlay-color":"","overlay-opacity":"","overlay-gradient":""},"mobile":{"background-color":"var(--ast-global-color-5)","background-image":"","background-repeat":"repeat","background-position":"center center","background-size":"auto","background-attachment":"scroll","background-type":"","background-media":"","overlay-type":"","overlay-color":"","overlay-opacity":"","overlay-gradient":""}},"footnotes":""},"class_list":["post-1267","page","type-page","status-publish","hentry"],"_links":{"self":[{"href":"https:\/\/cmgdlaw.com\/_es\/wp-json\/wp\/v2\/pages\/1267","targetHints":{"allow":["GET"]}}],"collection":[{"href":"https:\/\/cmgdlaw.com\/_es\/wp-json\/wp\/v2\/pages"}],"about":[{"href":"https:\/\/cmgdlaw.com\/_es\/wp-json\/wp\/v2\/types\/page"}],"author":[{"embeddable":true,"href":"https:\/\/cmgdlaw.com\/_es\/wp-json\/wp\/v2\/users\/1"}],"replies":[{"embeddable":true,"href":"https:\/\/cmgdlaw.com\/_es\/wp-json\/wp\/v2\/comments?post=1267"}],"version-history":[{"count":25,"href":"https:\/\/cmgdlaw.com\/_es\/wp-json\/wp\/v2\/pages\/1267\/revisions"}],"predecessor-version":[{"id":1305,"href":"https:\/\/cmgdlaw.com\/_es\/wp-json\/wp\/v2\/pages\/1267\/revisions\/1305"}],"wp:attachment":[{"href":"https:\/\/cmgdlaw.com\/_es\/wp-json\/wp\/v2\/media?parent=1267"}],"curies":[{"name":"wp","href":"https:\/\/api.w.org\/{rel}","templated":true}]}}